{"id":3204,"date":"2023-09-19T15:14:38","date_gmt":"2023-09-19T15:14:38","guid":{"rendered":"https:\/\/pardigitalagency.com\/?page_id=3204"},"modified":"2023-09-22T17:32:45","modified_gmt":"2023-09-22T17:32:45","slug":"apr-abogados-1","status":"publish","type":"page","link":"https:\/\/pardigitalagency.com\/index.php\/apr-abogados-1\/","title":{"rendered":"APR Abogados-1"},"content":{"rendered":"<p><img decoding=\"async\" width=\"1000\" height=\"1000\" src=\"https:\/\/pardigitalagency.com\/wp-content\/uploads\/2023\/09\/APR-LOGO.png\" alt=\"\" loading=\"lazy\" srcset=\"https:\/\/pardigitalagency.com\/wp-content\/uploads\/2023\/09\/APR-LOGO.png 1000w, https:\/\/pardigitalagency.com\/wp-content\/uploads\/2023\/09\/APR-LOGO-300x300.png 300w, https:\/\/pardigitalagency.com\/wp-content\/uploads\/2023\/09\/APR-LOGO-150x150.png 150w, https:\/\/pardigitalagency.com\/wp-content\/uploads\/2023\/09\/APR-LOGO-768x768.png 768w\" sizes=\"(max-width: 1000px) 100vw, 1000px\" \/>\t\t\t\t\t\t\t\t\t\t\t\t\t\t\t<\/p>\n<ul id=\"menu-apr-2\">\n<li><a href=\"#\">Servicios<\/a>\n<ul>\n<li><a href=\"https:\/\/pardigitalagency.com\/index.php\/apr-abogados\">Derecho de Seguros<\/a><\/li>\n<li><a href=\"https:\/\/pardigitalagency.com\/index.php\/apr-abogados\">Derecho Laboral<\/a><\/li>\n<li><a href=\"https:\/\/pardigitalagency.com\/index.php\/apr-abogados\">Seguridad Social Integral<\/a><\/li>\n<li><a href=\"https:\/\/pardigitalagency.com\/index.php\/apr-abogados\">Gesti\u00f3n Judicial<\/a><\/li>\n<li><a href=\"https:\/\/pardigitalagency.com\/index.php\/apr-abogados\">Contrataci\u00f3n Estatal<\/a><\/li>\n<li><a href=\"https:\/\/pardigitalagency.com\/index.php\/apr-abogados\">Responsabilidad Fiscal<\/a><\/li>\n<li><a href=\"http:\/\/Derecho%20P\u00fablico\">Derecho P\u00fablico<\/a><\/li>\n<\/ul>\n<\/li>\n<li><a href=\"https:\/\/pardigitalagency.com\/index.php\/apr-abogados\">Quienes Somos<\/a>\n<ul>\n<li><a href=\"http:\/\/Derecho%20P\u00fablico\">Nosotros<\/a><\/li>\n<li><a href=\"http:\/\/Derecho%20P\u00fablico\">Nuestros Clientes<\/a><\/li>\n<\/ul>\n<\/li>\n<li><a href=\"https:\/\/pardigitalagency.com\/index.php\/apr-abogados\">Equipo de Trabajo<\/a>\n<ul>\n<li><a href=\"#\">Asociados &#8211; Directores<\/a><\/li>\n<li><a href=\"#\">Equipo Legal<\/a><\/li>\n<li><a href=\"#\">Equipo Administrativo<\/a><\/li>\n<\/ul>\n<\/li>\n<li><a href=\"https:\/\/pardigitalagency.com\/index.php\/apr-abogados\">Recursos<\/a>\n<ul>\n<li><a href=\"#\">Boletines Informativos<\/a><\/li>\n<li><a href=\"#\">Noticias<\/a><\/li>\n<li><a href=\"#\">Participaci\u00f3n en Eventos<\/a><\/li>\n<li><a href=\"#\">Saber y Gestionar<\/a><\/li>\n<\/ul>\n<\/li>\n<\/ul>\n<h1>APR Abogados<\/h1>\n<p>Experiencia Traducida en Seguridad\n<\/p>\n<p>\t\t\t<a href=\"#\"><br \/>\n\t\t\t\t\t\tConocer M\u00e1s<br \/>\n\t\t\t\t\t<\/a><\/p>\n<h2>\u00bfQuienes Somos?<\/h2>\n<p>\t\t\t\t<svg aria-hidden=\"true\" viewBox=\"0 0 640 512\" xmlns=\"http:\/\/www.w3.org\/2000\/svg\"><path d=\"M256 336h-.02c0-16.18 1.34-8.73-85.05-181.51-17.65-35.29-68.19-35.36-85.87 0C-2.06 328.75.02 320.33.02 336H0c0 44.18 57.31 80 128 80s128-35.82 128-80zM128 176l72 144H56l72-144zm511.98 160c0-16.18 1.34-8.73-85.05-181.51-17.65-35.29-68.19-35.36-85.87 0-87.12 174.26-85.04 165.84-85.04 181.51H384c0 44.18 57.31 80 128 80s128-35.82 128-80h-.02zM440 320l72-144 72 144H440zm88 128H352V153.25c23.51-10.29 41.16-31.48 46.39-57.25H528c8.84 0 16-7.16 16-16V48c0-8.84-7.16-16-16-16H383.64C369.04 12.68 346.09 0 320 0s-49.04 12.68-63.64 32H112c-8.84 0-16 7.16-16 16v32c0 8.84 7.16 16 16 16h129.61c5.23 25.76 22.87 46.96 46.39 57.25V448H112c-8.84 0-16 7.16-16 16v32c0 8.84 7.16 16 16 16h416c8.84 0 16-7.16 16-16v-32c0-8.84-7.16-16-16-16z\"><\/path><\/svg>\t\t\t\t<\/p>\n<h3>\n\t\t\t\t\t\tINTEGRIDAD<br \/>\n\t\t\t\t<\/h3>\n<p>\t\t\t\t<svg aria-hidden=\"true\" viewBox=\"0 0 576 512\" xmlns=\"http:\/\/www.w3.org\/2000\/svg\"><path d=\"M416 192c0-88.4-93.1-160-208-160S0 103.6 0 192c0 34.3 14.1 65.9 38 92-13.4 30.2-35.5 54.2-35.8 54.5-2.2 2.3-2.8 5.7-1.5 8.7S4.8 352 8 352c36.6 0 66.9-12.3 88.7-25 32.2 15.7 70.3 25 111.3 25 114.9 0 208-71.6 208-160zm122 220c23.9-26 38-57.7 38-92 0-66.9-53.5-124.2-129.3-148.1.9 6.6 1.3 13.3 1.3 20.1 0 105.9-107.7 192-240 192-10.8 0-21.3-.8-31.7-1.9C207.8 439.6 281.8 480 368 480c41 0 79.1-9.2 111.3-25 21.8 12.7 52.1 25 88.7 25 3.2 0 6.1-1.9 7.3-4.8 1.3-2.9.7-6.3-1.5-8.7-.3-.3-22.4-24.2-35.8-54.5z\"><\/path><\/svg>\t\t\t\t<\/p>\n<h3>\n\t\t\t\t\t\tCOMUNICACI\u00d3N<br \/>\n\t\t\t\t<\/h3>\n<p>\t\t\t\t<svg aria-hidden=\"true\" viewBox=\"0 0 640 512\" xmlns=\"http:\/\/www.w3.org\/2000\/svg\"><path d=\"M434.7 64h-85.9c-8 0-15.7 3-21.6 8.4l-98.3 90c-.1.1-.2.3-.3.4-16.6 15.6-16.3 40.5-2.1 56 12.7 13.9 39.4 17.6 56.1 2.7.1-.1.3-.1.4-.2l79.9-73.2c6.5-5.9 16.7-5.5 22.6 1 6 6.5 5.5 16.6-1 22.6l-26.1 23.9L504 313.8c2.9 2.4 5.5 5 7.9 7.7V128l-54.6-54.6c-5.9-6-14.1-9.4-22.6-9.4zM544 128.2v223.9c0 17.7 14.3 32 32 32h64V128.2h-96zm48 223.9c-8.8 0-16-7.2-16-16s7.2-16 16-16 16 7.2 16 16-7.2 16-16 16zM0 384h64c17.7 0 32-14.3 32-32V128.2H0V384zm48-63.9c8.8 0 16 7.2 16 16s-7.2 16-16 16-16-7.2-16-16c0-8.9 7.2-16 16-16zm435.9 18.6L334.6 217.5l-30 27.5c-29.7 27.1-75.2 24.5-101.7-4.4-26.9-29.4-24.8-74.9 4.4-101.7L289.1 64h-83.8c-8.5 0-16.6 3.4-22.6 9.4L128 128v223.9h18.3l90.5 81.9c27.4 22.3 67.7 18.1 90-9.3l.2-.2 17.9 15.5c15.9 13 39.4 10.5 52.3-5.4l31.4-38.6 5.4 4.4c13.7 11.1 33.9 9.1 45-4.7l9.5-11.7c11.2-13.8 9.1-33.9-4.6-45.1z\"><\/path><\/svg>\t\t\t\t<\/p>\n<h3>\n\t\t\t\t\t\tRESPONSABILIDAD<br \/>\n\t\t\t\t<\/h3>\n<p>\t\t\t\t<svg aria-hidden=\"true\" viewBox=\"0 0 576 512\" xmlns=\"http:\/\/www.w3.org\/2000\/svg\"><path d=\"M519.442 288.651c-41.519 0-59.5 31.593-82.058 31.593C377.409 320.244 432 144 432 144s-196.288 80-196.288-3.297c0-35.827 36.288-46.25 36.288-85.985C272 19.216 243.885 0 210.539 0c-34.654 0-66.366 18.891-66.366 56.346 0 41.364 31.711 59.277 31.711 81.75C175.885 207.719 0 166.758 0 166.758v333.237s178.635 41.047 178.635-28.662c0-22.473-40-40.107-40-81.471 0-37.456 29.25-56.346 63.577-56.346 33.673 0 61.788 19.216 61.788 54.717 0 39.735-36.288 50.158-36.288 85.985 0 60.803 129.675 25.73 181.23 25.73 0 0-34.725-120.101 25.827-120.101 35.962 0 46.423 36.152 86.308 36.152C556.712 416 576 387.99 576 354.443c0-34.199-18.962-65.792-56.558-65.792z\"><\/path><\/svg>\t\t\t\t<\/p>\n<h3>\n\t\t\t\t\t\tCOHERENCIA<br \/>\n\t\t\t\t<\/h3>\n<p>APR Abogados nace en el a\u00f1o 2014 a trav\u00e9s de su fundador Alberto Pulido Rodr\u00edguez.<\/p>\n<p>La firma se ha posicionado entre las mejores respecto a la administraci\u00f3n de riesgos jur\u00eddicos en el \u00e1mbito de la consultor\u00eda, prejudicial, judicial y administraci\u00f3n.<\/p>\n<p>Adem\u00e1s de la experiencia y profesionalismo que nos caracteriza en el sector; APR  abogados ha sido destacado por su filosof\u00eda corporativa, donde la transparencia, el contacto humano y el respeto, siempre est\u00e1n presentes en toda acci\u00f3n realizada con nuestros clientes y asociados de la firma.<\/p>\n<ul>\n<li>\n\t\t\t\t\t\t\t<svg aria-hidden=\"true\" viewBox=\"0 0 448 512\" xmlns=\"http:\/\/www.w3.org\/2000\/svg\"><path d=\"M400 480H48c-26.51 0-48-21.49-48-48V80c0-26.51 21.49-48 48-48h352c26.51 0 48 21.49 48 48v352c0 26.51-21.49 48-48 48zm-204.686-98.059l184-184c6.248-6.248 6.248-16.379 0-22.627l-22.627-22.627c-6.248-6.248-16.379-6.249-22.628 0L184 302.745l-70.059-70.059c-6.248-6.248-16.379-6.248-22.628 0l-22.627 22.627c-6.248 6.248-6.248 16.379 0 22.627l104 104c6.249 6.25 16.379 6.25 22.628.001z\"><\/path><\/svg><br \/>\n\t\t\t\t\t\t\t\t\t\tTransparencia\n\t\t\t\t\t\t\t\t\t<\/li>\n<\/ul>\n<ul>\n<li>\n\t\t\t\t\t\t\t<svg aria-hidden=\"true\" viewBox=\"0 0 448 512\" xmlns=\"http:\/\/www.w3.org\/2000\/svg\"><path d=\"M400 480H48c-26.51 0-48-21.49-48-48V80c0-26.51 21.49-48 48-48h352c26.51 0 48 21.49 48 48v352c0 26.51-21.49 48-48 48zm-204.686-98.059l184-184c6.248-6.248 6.248-16.379 0-22.627l-22.627-22.627c-6.248-6.248-16.379-6.249-22.628 0L184 302.745l-70.059-70.059c-6.248-6.248-16.379-6.248-22.628 0l-22.627 22.627c-6.248 6.248-6.248 16.379 0 22.627l104 104c6.249 6.25 16.379 6.25 22.628.001z\"><\/path><\/svg><br \/>\n\t\t\t\t\t\t\t\t\t\tContacto Humano\n\t\t\t\t\t\t\t\t\t<\/li>\n<\/ul>\n<ul>\n<li>\n\t\t\t\t\t\t\t<svg aria-hidden=\"true\" viewBox=\"0 0 448 512\" xmlns=\"http:\/\/www.w3.org\/2000\/svg\"><path d=\"M400 480H48c-26.51 0-48-21.49-48-48V80c0-26.51 21.49-48 48-48h352c26.51 0 48 21.49 48 48v352c0 26.51-21.49 48-48 48zm-204.686-98.059l184-184c6.248-6.248 6.248-16.379 0-22.627l-22.627-22.627c-6.248-6.248-16.379-6.249-22.628 0L184 302.745l-70.059-70.059c-6.248-6.248-16.379-6.248-22.628 0l-22.627 22.627c-6.248 6.248-6.248 16.379 0 22.627l104 104c6.249 6.25 16.379 6.25 22.628.001z\"><\/path><\/svg><br \/>\n\t\t\t\t\t\t\t\t\t\tProfesionalismo\n\t\t\t\t\t\t\t\t\t<\/li>\n<\/ul>\n<ul>\n<li>\n\t\t\t\t\t\t\t<svg aria-hidden=\"true\" viewBox=\"0 0 448 512\" xmlns=\"http:\/\/www.w3.org\/2000\/svg\"><path d=\"M400 480H48c-26.51 0-48-21.49-48-48V80c0-26.51 21.49-48 48-48h352c26.51 0 48 21.49 48 48v352c0 26.51-21.49 48-48 48zm-204.686-98.059l184-184c6.248-6.248 6.248-16.379 0-22.627l-22.627-22.627c-6.248-6.248-16.379-6.249-22.628 0L184 302.745l-70.059-70.059c-6.248-6.248-16.379-6.248-22.628 0l-22.627 22.627c-6.248 6.248-6.248 16.379 0 22.627l104 104c6.249 6.25 16.379 6.25 22.628.001z\"><\/path><\/svg><br \/>\n\t\t\t\t\t\t\t\t\t\tRespeto\n\t\t\t\t\t\t\t\t\t<\/li>\n<\/ul>\n<p>\t\t\t<a role=\"button\"><br \/>\n\t\t\t\t\t\tConocer M\u00e1s<br \/>\n\t\t\t\t\t<\/a><\/p>\n<h2>Nuestros <b>Servicios<\/b><\/h2>\n<ul>\n<li>\n\t\t\t\t\t\t\t<svg aria-hidden=\"true\" viewBox=\"0 0 512 512\" xmlns=\"http:\/\/www.w3.org\/2000\/svg\"><path d=\"M256 8c137 0 248 111 248 248S393 504 256 504 8 393 8 256 119 8 256 8zM140 300h116v70.9c0 10.7 13 16.1 20.5 8.5l114.3-114.9c4.7-4.7 4.7-12.2 0-16.9l-114.3-115c-7.6-7.6-20.5-2.2-20.5 8.5V212H140c-6.6 0-12 5.4-12 12v64c0 6.6 5.4 12 12 12z\"><\/path><\/svg><br \/>\n\t\t\t\t\t\t\t\t\t\tDerecho de Seguros\n\t\t\t\t\t\t\t\t\t<\/li>\n<li>\n\t\t\t\t\t\t\t<svg aria-hidden=\"true\" viewBox=\"0 0 512 512\" xmlns=\"http:\/\/www.w3.org\/2000\/svg\"><path d=\"M256 8c137 0 248 111 248 248S393 504 256 504 8 393 8 256 119 8 256 8zM140 300h116v70.9c0 10.7 13 16.1 20.5 8.5l114.3-114.9c4.7-4.7 4.7-12.2 0-16.9l-114.3-115c-7.6-7.6-20.5-2.2-20.5 8.5V212H140c-6.6 0-12 5.4-12 12v64c0 6.6 5.4 12 12 12z\"><\/path><\/svg><br \/>\n\t\t\t\t\t\t\t\t\t\tDerecho Laboral\n\t\t\t\t\t\t\t\t\t<\/li>\n<li>\n\t\t\t\t\t\t\t<svg aria-hidden=\"true\" viewBox=\"0 0 512 512\" xmlns=\"http:\/\/www.w3.org\/2000\/svg\"><path d=\"M256 8c137 0 248 111 248 248S393 504 256 504 8 393 8 256 119 8 256 8zM140 300h116v70.9c0 10.7 13 16.1 20.5 8.5l114.3-114.9c4.7-4.7 4.7-12.2 0-16.9l-114.3-115c-7.6-7.6-20.5-2.2-20.5 8.5V212H140c-6.6 0-12 5.4-12 12v64c0 6.6 5.4 12 12 12z\"><\/path><\/svg><br \/>\n\t\t\t\t\t\t\t\t\t\tSeguridad Social Integral\n\t\t\t\t\t\t\t\t\t<\/li>\n<li>\n\t\t\t\t\t\t\t<svg aria-hidden=\"true\" viewBox=\"0 0 512 512\" xmlns=\"http:\/\/www.w3.org\/2000\/svg\"><path d=\"M256 8c137 0 248 111 248 248S393 504 256 504 8 393 8 256 119 8 256 8zM140 300h116v70.9c0 10.7 13 16.1 20.5 8.5l114.3-114.9c4.7-4.7 4.7-12.2 0-16.9l-114.3-115c-7.6-7.6-20.5-2.2-20.5 8.5V212H140c-6.6 0-12 5.4-12 12v64c0 6.6 5.4 12 12 12z\"><\/path><\/svg><br \/>\n\t\t\t\t\t\t\t\t\t\tGesti\u00f3n Judicial\n\t\t\t\t\t\t\t\t\t<\/li>\n<li>\n\t\t\t\t\t\t\t<svg aria-hidden=\"true\" viewBox=\"0 0 512 512\" xmlns=\"http:\/\/www.w3.org\/2000\/svg\"><path d=\"M256 8c137 0 248 111 248 248S393 504 256 504 8 393 8 256 119 8 256 8zM140 300h116v70.9c0 10.7 13 16.1 20.5 8.5l114.3-114.9c4.7-4.7 4.7-12.2 0-16.9l-114.3-115c-7.6-7.6-20.5-2.2-20.5 8.5V212H140c-6.6 0-12 5.4-12 12v64c0 6.6 5.4 12 12 12z\"><\/path><\/svg><br \/>\n\t\t\t\t\t\t\t\t\t\tContrataci\u00f3n Estatal\n\t\t\t\t\t\t\t\t\t<\/li>\n<li>\n\t\t\t\t\t\t\t<svg aria-hidden=\"true\" viewBox=\"0 0 512 512\" xmlns=\"http:\/\/www.w3.org\/2000\/svg\"><path d=\"M256 8c137 0 248 111 248 248S393 504 256 504 8 393 8 256 119 8 256 8zM140 300h116v70.9c0 10.7 13 16.1 20.5 8.5l114.3-114.9c4.7-4.7 4.7-12.2 0-16.9l-114.3-115c-7.6-7.6-20.5-2.2-20.5 8.5V212H140c-6.6 0-12 5.4-12 12v64c0 6.6 5.4 12 12 12z\"><\/path><\/svg><br \/>\n\t\t\t\t\t\t\t\t\t\tResponsabilidad fiscal\n\t\t\t\t\t\t\t\t\t<\/li>\n<li>\n\t\t\t\t\t\t\t<svg aria-hidden=\"true\" viewBox=\"0 0 512 512\" xmlns=\"http:\/\/www.w3.org\/2000\/svg\"><path d=\"M256 8c137 0 248 111 248 248S393 504 256 504 8 393 8 256 119 8 256 8zM140 300h116v70.9c0 10.7 13 16.1 20.5 8.5l114.3-114.9c4.7-4.7 4.7-12.2 0-16.9l-114.3-115c-7.6-7.6-20.5-2.2-20.5 8.5V212H140c-6.6 0-12 5.4-12 12v64c0 6.6 5.4 12 12 12z\"><\/path><\/svg><br \/>\n\t\t\t\t\t\t\t\t\t\tDerecho P\u00fablico\n\t\t\t\t\t\t\t\t\t<\/li>\n<\/ul>\n<p>\t\t\t\t0<br \/>\n\t\t\t\t+<br \/>\n\t\t\t\t\t\t\tProcesos Atendidos<br \/>\n\t\t\t\t140<br \/>\n\t\t\t\t+<br \/>\n\t\t\t\t\t\t\tMillones de Pesos Colombianos en Recobros<br \/>\n\t\t\t\t0<br \/>\n\t\t\t\t+<br \/>\n\t\t\t\t\t\t\tCasos Recobrados<br \/>\n\t\t\t\t0<br \/>\n\t\t\t\t+<br \/>\n\t\t\t\t\t\t\tProcesos en Recobros en ARLs<br \/>\n\t\t\t\t0<br \/>\n\t\t\t\t+<br \/>\n\t\t\t\t\t\t\tCasos de Recobros en curso<\/p>\n<h2>Clientes APR<\/h2>\n<figure><img decoding=\"async\" src=\"https:\/\/pardigitalagency.com\/wp-content\/uploads\/2023\/09\/1-300x300.png\" alt=\"1\" \/><\/figure>\n<figure><img decoding=\"async\" src=\"https:\/\/pardigitalagency.com\/wp-content\/uploads\/2023\/09\/2-300x300.png\" alt=\"2\" \/><\/figure>\n<figure><img decoding=\"async\" src=\"https:\/\/pardigitalagency.com\/wp-content\/uploads\/2023\/09\/3-300x300.png\" alt=\"3\" \/><\/figure>\n<figure><img decoding=\"async\" src=\"https:\/\/pardigitalagency.com\/wp-content\/uploads\/2023\/09\/4-300x300.png\" alt=\"4\" \/><\/figure>\n<figure><img decoding=\"async\" src=\"https:\/\/pardigitalagency.com\/wp-content\/uploads\/2023\/09\/5-300x300.png\" alt=\"5\" \/><\/figure>\n<figure><img decoding=\"async\" src=\"https:\/\/pardigitalagency.com\/wp-content\/uploads\/2023\/09\/6-300x300.png\" alt=\"6\" \/><\/figure>\n<figure><img decoding=\"async\" src=\"https:\/\/pardigitalagency.com\/wp-content\/uploads\/2023\/09\/7-300x300.png\" alt=\"7\" \/><\/figure>\n<figure><img decoding=\"async\" src=\"https:\/\/pardigitalagency.com\/wp-content\/uploads\/2023\/09\/8-300x300.png\" alt=\"8\" \/><\/figure>\n<figure><img decoding=\"async\" src=\"https:\/\/pardigitalagency.com\/wp-content\/uploads\/2023\/09\/9-300x300.png\" alt=\"9\" \/><\/figure>\n<figure><img decoding=\"async\" src=\"https:\/\/pardigitalagency.com\/wp-content\/uploads\/2023\/09\/11-300x300.png\" alt=\"11\" \/><\/figure>\n<p>\t\t\t\t\t\t<svg aria-hidden=\"true\" viewBox=\"0 0 1000 1000\" xmlns=\"http:\/\/www.w3.org\/2000\/svg\"><path d=\"M646 125C629 125 613 133 604 142L308 442C296 454 292 471 292 487 292 504 296 521 308 533L604 854C617 867 629 875 646 875 663 875 679 871 692 858 704 846 713 829 713 812 713 796 708 779 692 767L438 487 692 225C700 217 708 204 708 187 708 171 704 154 692 142 675 129 663 125 646 125Z\"><\/path><\/svg><br \/>\n\t\t\t\t\t\t<svg aria-hidden=\"true\" viewBox=\"0 0 1000 1000\" xmlns=\"http:\/\/www.w3.org\/2000\/svg\"><path d=\"M696 533C708 521 713 504 713 487 713 471 708 454 696 446L400 146C388 133 375 125 354 125 338 125 325 129 313 142 300 154 292 171 292 187 292 204 296 221 308 233L563 492 304 771C292 783 288 800 288 817 288 833 296 850 308 863 321 871 338 875 354 875 371 875 388 867 400 854L696 533Z\"><\/path><\/svg>\t\t\t\t\t<\/p>\n<h2>Aliados<\/h2>\n<p>\t\t\t\t\t\t\t\t\t\t\t\t\t\t\t<img decoding=\"async\" width=\"1000\" height=\"1000\" src=\"https:\/\/pardigitalagency.com\/wp-content\/uploads\/2023\/09\/Logos-APR-Abogados-2.png\" alt=\"\" loading=\"lazy\" srcset=\"https:\/\/pardigitalagency.com\/wp-content\/uploads\/2023\/09\/Logos-APR-Abogados-2.png 1000w, https:\/\/pardigitalagency.com\/wp-content\/uploads\/2023\/09\/Logos-APR-Abogados-2-300x300.png 300w, https:\/\/pardigitalagency.com\/wp-content\/uploads\/2023\/09\/Logos-APR-Abogados-2-150x150.png 150w, https:\/\/pardigitalagency.com\/wp-content\/uploads\/2023\/09\/Logos-APR-Abogados-2-768x768.png 768w\" sizes=\"(max-width: 1000px) 100vw, 1000px\" \/><br \/>\n\t\t\t\t\t\t\t\t\t\t\t\t\t\t\t<img decoding=\"async\" width=\"1000\" height=\"1000\" src=\"https:\/\/pardigitalagency.com\/wp-content\/uploads\/2023\/09\/Logos-APR-Abogados-1.png\" alt=\"\" loading=\"lazy\" srcset=\"https:\/\/pardigitalagency.com\/wp-content\/uploads\/2023\/09\/Logos-APR-Abogados-1.png 1000w, https:\/\/pardigitalagency.com\/wp-content\/uploads\/2023\/09\/Logos-APR-Abogados-1-300x300.png 300w, https:\/\/pardigitalagency.com\/wp-content\/uploads\/2023\/09\/Logos-APR-Abogados-1-150x150.png 150w, https:\/\/pardigitalagency.com\/wp-content\/uploads\/2023\/09\/Logos-APR-Abogados-1-768x768.png 768w\" sizes=\"(max-width: 1000px) 100vw, 1000px\" \/>\t\t\t\t\t\t\t\t\t\t\t\t\t\t\t<\/p>\n<h2>Testimonios <\/h2>\n<p>\t\t\t\t\t\t\tAmazing Service. They are very professional and sincere about helping people. I would definitely recommend their consultants to everybody.<br \/>\n\t\t\t\t\t\t\t\t\t\t\t\t\t\tAikin Ward<br \/>\n\t\t\t\t\t\t\t\t\t\t\t\t\t\t\t\t\t\t\t\t\t\tCEO, Unipie<\/p>\n<h2>Menu<\/h2>\n<ul id=\"menu-apr-3\">\n<li><a href=\"#\">Servicios<\/a>\n<ul>\n<li><a href=\"https:\/\/pardigitalagency.com\/index.php\/apr-abogados\">Derecho de Seguros<\/a><\/li>\n<li><a href=\"https:\/\/pardigitalagency.com\/index.php\/apr-abogados\">Derecho Laboral<\/a><\/li>\n<li><a href=\"https:\/\/pardigitalagency.com\/index.php\/apr-abogados\">Seguridad Social Integral<\/a><\/li>\n<li><a href=\"https:\/\/pardigitalagency.com\/index.php\/apr-abogados\">Gesti\u00f3n Judicial<\/a><\/li>\n<li><a href=\"https:\/\/pardigitalagency.com\/index.php\/apr-abogados\">Contrataci\u00f3n Estatal<\/a><\/li>\n<li><a href=\"https:\/\/pardigitalagency.com\/index.php\/apr-abogados\">Responsabilidad Fiscal<\/a><\/li>\n<li><a href=\"http:\/\/Derecho%20P\u00fablico\">Derecho P\u00fablico<\/a><\/li>\n<\/ul>\n<\/li>\n<li><a href=\"https:\/\/pardigitalagency.com\/index.php\/apr-abogados\">Quienes Somos<\/a>\n<ul>\n<li><a href=\"http:\/\/Derecho%20P\u00fablico\">Nosotros<\/a><\/li>\n<li><a href=\"http:\/\/Derecho%20P\u00fablico\">Nuestros Clientes<\/a><\/li>\n<\/ul>\n<\/li>\n<li><a href=\"https:\/\/pardigitalagency.com\/index.php\/apr-abogados\">Equipo de Trabajo<\/a>\n<ul>\n<li><a href=\"#\">Asociados &#8211; Directores<\/a><\/li>\n<li><a href=\"#\">Equipo Legal<\/a><\/li>\n<li><a href=\"#\">Equipo Administrativo<\/a><\/li>\n<\/ul>\n<\/li>\n<li><a href=\"https:\/\/pardigitalagency.com\/index.php\/apr-abogados\">Recursos<\/a>\n<ul>\n<li><a href=\"#\">Boletines Informativos<\/a><\/li>\n<li><a href=\"#\">Noticias<\/a><\/li>\n<li><a href=\"#\">Participaci\u00f3n en Eventos<\/a><\/li>\n<li><a href=\"#\">Saber y Gestionar<\/a><\/li>\n<\/ul>\n<\/li>\n<\/ul>\n<p>\t\t\t\t\t\t\t\t\t\t\t\t\t\t\t<img decoding=\"async\" width=\"1000\" height=\"1000\" src=\"https:\/\/pardigitalagency.com\/wp-content\/uploads\/2023\/09\/APR-LOGO.png\" alt=\"\" loading=\"lazy\" srcset=\"https:\/\/pardigitalagency.com\/wp-content\/uploads\/2023\/09\/APR-LOGO.png 1000w, https:\/\/pardigitalagency.com\/wp-content\/uploads\/2023\/09\/APR-LOGO-300x300.png 300w, https:\/\/pardigitalagency.com\/wp-content\/uploads\/2023\/09\/APR-LOGO-150x150.png 150w, https:\/\/pardigitalagency.com\/wp-content\/uploads\/2023\/09\/APR-LOGO-768x768.png 768w\" sizes=\"(max-width: 1000px) 100vw, 1000px\" \/>\t\t\t\t\t\t\t\t\t\t\t\t\t\t\t<\/p>\n<h2>Contactanos<\/h2>\n","protected":false},"excerpt":{"rendered":"<p>Servicios Derecho de Seguros Derecho Laboral Seguridad Social Integral Gesti\u00f3n Judicial Contrataci\u00f3n Estatal Responsabilidad Fiscal Derecho P\u00fablico Quienes Somos Nosotros Nuestros Clientes Equipo de Trabajo Asociados &#8211; Directores Equipo Legal Equipo Administrativo Recursos Boletines Informativos Noticias Participaci\u00f3n en Eventos Saber y Gestionar APR Abogados Experiencia Traducida en Seguridad Conocer M\u00e1s \u00bfQuienes Somos? INTEGRIDAD COMUNICACI\u00d3N RESPONSABILIDAD [&hellip;]<\/p>\n","protected":false},"author":1,"featured_media":0,"parent":0,"menu_order":0,"comment_status":"closed","ping_status":"closed","template":"elementor_canvas","meta":{"om_disable_all_campaigns":false,"_mi_skip_tracking":false,"_monsterinsights_sitenote_active":false,"_monsterinsights_sitenote_note":"","_monsterinsights_sitenote_category":0,"footnotes":""},"yst_prominent_words":[],"class_list":["post-3204","page","type-page","status-publish","hentry","entry"],"_links":{"self":[{"href":"https:\/\/pardigitalagency.com\/index.php\/wp-json\/wp\/v2\/pages\/3204"}],"collection":[{"href":"https:\/\/pardigitalagency.com\/index.php\/wp-json\/wp\/v2\/pages"}],"about":[{"href":"https:\/\/pardigitalagency.com\/index.php\/wp-json\/wp\/v2\/types\/page"}],"author":[{"embeddable":true,"href":"https:\/\/pardigitalagency.com\/index.php\/wp-json\/wp\/v2\/users\/1"}],"replies":[{"embeddable":true,"href":"https:\/\/pardigitalagency.com\/index.php\/wp-json\/wp\/v2\/comments?post=3204"}],"version-history":[{"count":78,"href":"https:\/\/pardigitalagency.com\/index.php\/wp-json\/wp\/v2\/pages\/3204\/revisions"}],"predecessor-version":[{"id":3529,"href":"https:\/\/pardigitalagency.com\/index.php\/wp-json\/wp\/v2\/pages\/3204\/revisions\/3529"}],"wp:attachment":[{"href":"https:\/\/pardigitalagency.com\/index.php\/wp-json\/wp\/v2\/media?parent=3204"}],"wp:term":[{"taxonomy":"yst_prominent_words","embeddable":true,"href":"https:\/\/pardigitalagency.com\/index.php\/wp-json\/wp\/v2\/yst_prominent_words?post=3204"}],"curies":[{"name":"wp","href":"https:\/\/api.w.org\/{rel}","templated":true}]}}